{"id":24,"date":"2022-03-17T11:51:33","date_gmt":"2022-03-17T09:51:33","guid":{"rendered":"https:\/\/mariataurenportfolio.wordpress.com\/?page_id=9"},"modified":"2024-03-01T06:42:06","modified_gmt":"2024-03-01T06:42:06","slug":"graafinen","status":"publish","type":"page","link":"https:\/\/wp1.novida.fi\/med21-mt\/graafinen\/","title":{"rendered":"Graafinen"},"content":{"rendered":"\n<p>T\u00e4nne tulee Graafisen t\u00f6it\u00e4<\/p>\n\n\n\n<p><\/p>\n\n\n\n<figure class=\"wp-block-gallery has-nested-images columns-default is-cropped wp-block-gallery-1 is-layout-flex wp-block-gallery-is-layout-flex\">\n<figure class=\"wp-block-image size-large\"><img loading=\"lazy\" decoding=\"async\" width=\"438\" height=\"438\" data-id=\"148\" src=\"https:\/\/wp1.novida.fi\/med21-mt\/wp-content\/uploads\/sites\/43\/2023\/12\/joulupukki-postikortin-kokoisena.jpg\" alt=\"\" class=\"wp-image-148\" srcset=\"https:\/\/wp1.novida.fi\/med21-mt\/wp-content\/uploads\/sites\/43\/2023\/12\/joulupukki-postikortin-kokoisena.jpg 438w, https:\/\/wp1.novida.fi\/med21-mt\/wp-content\/uploads\/sites\/43\/2023\/12\/joulupukki-postikortin-kokoisena-300x300.jpg 300w, https:\/\/wp1.novida.fi\/med21-mt\/wp-content\/uploads\/sites\/43\/2023\/12\/joulupukki-postikortin-kokoisena-150x150.jpg 150w\" sizes=\"auto, (max-width: 438px) 100vw, 438px\" \/><\/figure>\n<\/figure>\n\n\n\n<figure class=\"wp-block-gallery has-nested-images columns-default is-cropped wp-block-gallery-2 is-layout-flex wp-block-gallery-is-layout-flex\">\n<figure class=\"wp-block-image size-large\"><img decoding=\"async\" data-id=\"101\" src=\"https:\/\/mariataurenportfolio.files.wordpress.com\/2022\/03\/joulupukki-postikortin-kokoisena.gif?w=420\" alt=\"\" class=\"wp-image-101\" \/><\/figure>\n\n\n\n<figure class=\"wp-block-image size-large\"><img loading=\"lazy\" decoding=\"async\" width=\"616\" height=\"640\" data-id=\"227\" src=\"https:\/\/wp1.novida.fi\/med21-mt\/wp-content\/uploads\/sites\/43\/2024\/03\/Metallityo-Lindberg-Logo1.jpg\" alt=\"\" class=\"wp-image-227\" srcset=\"https:\/\/wp1.novida.fi\/med21-mt\/wp-content\/uploads\/sites\/43\/2024\/03\/Metallityo-Lindberg-Logo1.jpg 616w, https:\/\/wp1.novida.fi\/med21-mt\/wp-content\/uploads\/sites\/43\/2024\/03\/Metallityo-Lindberg-Logo1-289x300.jpg 289w, https:\/\/wp1.novida.fi\/med21-mt\/wp-content\/uploads\/sites\/43\/2024\/03\/Metallityo-Lindberg-Logo1-508x528.jpg 508w\" sizes=\"auto, (max-width: 616px) 100vw, 616px\" \/><\/figure>\n<\/figure>\n\n\n\n<figure class=\"wp-block-gallery has-nested-images columns-default is-cropped wp-block-gallery-3 is-layout-flex wp-block-gallery-is-layout-flex\">\n<figure class=\"wp-block-image size-large\"><img decoding=\"async\" data-id=\"113\" src=\"https:\/\/mariataurenportfolio.files.wordpress.com\/2022\/03\/asset-16.png?w=270\" alt=\"\" class=\"wp-image-113\" \/><\/figure>\n<\/figure>\n\n\n\n<figure class=\"wp-block-gallery has-nested-images columns-1 is-cropped wp-block-gallery-4 is-layout-flex wp-block-gallery-is-layout-flex\">\n<figure class=\"wp-block-image size-large\"><a href=\"https:\/\/wp1.novida.fi\/med21-mt\/wp-content\/uploads\/sites\/43\/2022\/11\/easter-bunny.jpg\" data-rel=\"lightbox-image-0\" data-rl_title=\"\" data-rl_caption=\"\" title=\"\"><img loading=\"lazy\" decoding=\"async\" width=\"608\" height=\"880\" data-id=\"98\" src=\"https:\/\/wp1.novida.fi\/med21-mt\/wp-content\/uploads\/sites\/43\/2022\/11\/easter-bunny.jpg\" alt=\"\" class=\"wp-image-98\" srcset=\"https:\/\/wp1.novida.fi\/med21-mt\/wp-content\/uploads\/sites\/43\/2022\/11\/easter-bunny.jpg 608w, https:\/\/wp1.novida.fi\/med21-mt\/wp-content\/uploads\/sites\/43\/2022\/11\/easter-bunny-207x300.jpg 207w\" sizes=\"auto, (max-width: 608px) 100vw, 608px\" \/><\/a><\/figure>\n\n\n\n<figure class=\"wp-block-image size-large\"><a href=\"https:\/\/wp1.novida.fi\/med21-mt\/wp-content\/uploads\/sites\/43\/2022\/11\/kolibri-kahvilalogo.jpg\" data-rel=\"lightbox-image-1\" data-rl_title=\"\" data-rl_caption=\"\" title=\"\"><img loading=\"lazy\" decoding=\"async\" width=\"596\" height=\"842\" data-id=\"101\" src=\"https:\/\/wp1.novida.fi\/med21-mt\/wp-content\/uploads\/sites\/43\/2022\/11\/kolibri-kahvilalogo.jpg\" alt=\"\" class=\"wp-image-101\" srcset=\"https:\/\/wp1.novida.fi\/med21-mt\/wp-content\/uploads\/sites\/43\/2022\/11\/kolibri-kahvilalogo.jpg 596w, https:\/\/wp1.novida.fi\/med21-mt\/wp-content\/uploads\/sites\/43\/2022\/11\/kolibri-kahvilalogo-212x300.jpg 212w\" sizes=\"auto, (max-width: 596px) 100vw, 596px\" \/><\/a><\/figure>\n\n\n\n<figure class=\"wp-block-image size-large\"><a href=\"https:\/\/wp1.novida.fi\/med21-mt\/wp-content\/uploads\/sites\/43\/2022\/11\/karkkipussi.jpg\" data-rel=\"lightbox-image-2\" data-rl_title=\"\" data-rl_caption=\"\" title=\"\"><img loading=\"lazy\" decoding=\"async\" width=\"596\" height=\"842\" data-id=\"100\" src=\"https:\/\/wp1.novida.fi\/med21-mt\/wp-content\/uploads\/sites\/43\/2022\/11\/karkkipussi.jpg\" alt=\"\" class=\"wp-image-100\" srcset=\"https:\/\/wp1.novida.fi\/med21-mt\/wp-content\/uploads\/sites\/43\/2022\/11\/karkkipussi.jpg 596w, https:\/\/wp1.novida.fi\/med21-mt\/wp-content\/uploads\/sites\/43\/2022\/11\/karkkipussi-212x300.jpg 212w\" sizes=\"auto, (max-width: 596px) 100vw, 596px\" \/><\/a><\/figure>\n\n\n\n<figure class=\"wp-block-image size-large\"><a href=\"https:\/\/wp1.novida.fi\/med21-mt\/wp-content\/uploads\/sites\/43\/2022\/11\/Mandala-juliste.jpg\" data-rel=\"lightbox-image-3\" data-rl_title=\"\" data-rl_caption=\"\" title=\"\"><img loading=\"lazy\" decoding=\"async\" width=\"1024\" height=\"1024\" data-id=\"102\" src=\"https:\/\/wp1.novida.fi\/med21-mt\/wp-content\/uploads\/sites\/43\/2022\/11\/Mandala-juliste-1024x1024.jpg\" alt=\"\" class=\"wp-image-102\" srcset=\"https:\/\/wp1.novida.fi\/med21-mt\/wp-content\/uploads\/sites\/43\/2022\/11\/Mandala-juliste-1024x1024.jpg 1024w, https:\/\/wp1.novida.fi\/med21-mt\/wp-content\/uploads\/sites\/43\/2022\/11\/Mandala-juliste-300x300.jpg 300w, https:\/\/wp1.novida.fi\/med21-mt\/wp-content\/uploads\/sites\/43\/2022\/11\/Mandala-juliste-150x150.jpg 150w, https:\/\/wp1.novida.fi\/med21-mt\/wp-content\/uploads\/sites\/43\/2022\/11\/Mandala-juliste-768x768.jpg 768w, https:\/\/wp1.novida.fi\/med21-mt\/wp-content\/uploads\/sites\/43\/2022\/11\/Mandala-juliste-1536x1536.jpg 1536w, https:\/\/wp1.novida.fi\/med21-mt\/wp-content\/uploads\/sites\/43\/2022\/11\/Mandala-juliste.jpg 1701w\" sizes=\"auto, (max-width: 1024px) 100vw, 1024px\" \/><\/a><\/figure>\n\n\n\n<figure class=\"wp-block-image size-large\"><a href=\"https:\/\/wp1.novida.fi\/med21-mt\/wp-content\/uploads\/sites\/43\/2022\/11\/Halloween-juliste.jpg\" data-rel=\"lightbox-image-4\" data-rl_title=\"\" data-rl_caption=\"\" title=\"\"><img loading=\"lazy\" decoding=\"async\" width=\"1024\" height=\"732\" data-id=\"99\" src=\"https:\/\/wp1.novida.fi\/med21-mt\/wp-content\/uploads\/sites\/43\/2022\/11\/Halloween-juliste-1024x732.jpg\" alt=\"\" class=\"wp-image-99\" srcset=\"https:\/\/wp1.novida.fi\/med21-mt\/wp-content\/uploads\/sites\/43\/2022\/11\/Halloween-juliste-1024x732.jpg 1024w, https:\/\/wp1.novida.fi\/med21-mt\/wp-content\/uploads\/sites\/43\/2022\/11\/Halloween-juliste-300x214.jpg 300w, https:\/\/wp1.novida.fi\/med21-mt\/wp-content\/uploads\/sites\/43\/2022\/11\/Halloween-juliste-768x549.jpg 768w, https:\/\/wp1.novida.fi\/med21-mt\/wp-content\/uploads\/sites\/43\/2022\/11\/Halloween-juliste.jpg 1220w\" sizes=\"auto, (max-width: 1024px) 100vw, 1024px\" \/><\/a><\/figure>\n<\/figure>\n\n\n\n<figure class=\"wp-block-gallery has-nested-images columns-default is-cropped wp-block-gallery-5 is-layout-flex wp-block-gallery-is-layout-flex\">\n<figure class=\"wp-block-image size-large\"><img loading=\"lazy\" decoding=\"async\" width=\"479\" height=\"1024\" data-id=\"131\" src=\"https:\/\/wp1.novida.fi\/med21-mt\/wp-content\/uploads\/sites\/43\/2023\/01\/KORTTI-3-2022-1-479x1024.jpg\" alt=\"\" class=\"wp-image-131\" srcset=\"https:\/\/wp1.novida.fi\/med21-mt\/wp-content\/uploads\/sites\/43\/2023\/01\/KORTTI-3-2022-1-479x1024.jpg 479w, https:\/\/wp1.novida.fi\/med21-mt\/wp-content\/uploads\/sites\/43\/2023\/01\/KORTTI-3-2022-1-140x300.jpg 140w, https:\/\/wp1.novida.fi\/med21-mt\/wp-content\/uploads\/sites\/43\/2023\/01\/KORTTI-3-2022-1-768x1643.jpg 768w, https:\/\/wp1.novida.fi\/med21-mt\/wp-content\/uploads\/sites\/43\/2023\/01\/KORTTI-3-2022-1-718x1536.jpg 718w, https:\/\/wp1.novida.fi\/med21-mt\/wp-content\/uploads\/sites\/43\/2023\/01\/KORTTI-3-2022-1-957x2048.jpg 957w, https:\/\/wp1.novida.fi\/med21-mt\/wp-content\/uploads\/sites\/43\/2023\/01\/KORTTI-3-2022-1.jpg 1144w\" sizes=\"auto, (max-width: 479px) 100vw, 479px\" \/><\/figure>\n<\/figure>\n\n\n\n<figure class=\"wp-block-gallery has-nested-images columns-default is-cropped wp-block-gallery-6 is-layout-flex wp-block-gallery-is-layout-flex\"><\/figure>\n\n\n\n<figure class=\"wp-block-gallery has-nested-images columns-default is-cropped wp-block-gallery-7 is-layout-flex wp-block-gallery-is-layout-flex\"><\/figure>\n","protected":false},"excerpt":{"rendered":"<p>T\u00e4nne tulee Graafisen t\u00f6it\u00e4<\/p>\n","protected":false},"author":41,"featured_media":0,"parent":0,"menu_order":0,"comment_status":"closed","ping_status":"closed","template":"","meta":{"inline_featured_image":false,"_themeisle_gutenberg_block_has_review":false,"footnotes":""},"class_list":["post-24","page","type-page","status-publish","hentry"],"yoast_head":"<!-- This site is optimized with the Yoast SEO plugin v26.7 - https:\/\/yoast.com\/wordpress\/plugins\/seo\/ -->\n<title>Graafinen - portfolio<\/title>\n<meta name=\"robots\" content=\"index, follow, max-snippet:-1, max-image-preview:large, max-video-preview:-1\" \/>\n<link rel=\"canonical\" href=\"https:\/\/wp1.novida.fi\/med21-mt\/graafinen\/\" \/>\n<meta property=\"og:locale\" content=\"en_GB\" \/>\n<meta property=\"og:type\" content=\"article\" \/>\n<meta property=\"og:title\" content=\"Graafinen - portfolio\" \/>\n<meta property=\"og:description\" content=\"T\u00e4nne tulee Graafisen t\u00f6it\u00e4\" \/>\n<meta property=\"og:url\" content=\"https:\/\/wp1.novida.fi\/med21-mt\/graafinen\/\" \/>\n<meta property=\"og:site_name\" content=\"portfolio\" \/>\n<meta property=\"article:modified_time\" content=\"2024-03-01T06:42:06+00:00\" \/>\n<meta property=\"og:image\" content=\"https:\/\/wp1.novida.fi\/med21-mt\/wp-content\/uploads\/sites\/43\/2023\/12\/joulupukki-postikortin-kokoisena.jpg\" \/>\n<meta name=\"twitter:card\" content=\"summary_large_image\" \/>\n<meta name=\"twitter:label1\" content=\"Estimated reading time\" \/>\n\t<meta name=\"twitter:data1\" content=\"3 minutes\" \/>\n<script type=\"application\/ld+json\" class=\"yoast-schema-graph\">{\"@context\":\"https:\/\/schema.org\",\"@graph\":[{\"@type\":\"WebPage\",\"@id\":\"https:\/\/wp1.novida.fi\/med21-mt\/graafinen\/\",\"url\":\"https:\/\/wp1.novida.fi\/med21-mt\/graafinen\/\",\"name\":\"Graafinen - portfolio\",\"isPartOf\":{\"@id\":\"https:\/\/wp1.novida.fi\/med21-mt\/#website\"},\"primaryImageOfPage\":{\"@id\":\"https:\/\/wp1.novida.fi\/med21-mt\/graafinen\/#primaryimage\"},\"image\":{\"@id\":\"https:\/\/wp1.novida.fi\/med21-mt\/graafinen\/#primaryimage\"},\"thumbnailUrl\":\"https:\/\/wp1.novida.fi\/med21-mt\/wp-content\/uploads\/sites\/43\/2023\/12\/joulupukki-postikortin-kokoisena.jpg\",\"datePublished\":\"2022-03-17T09:51:33+00:00\",\"dateModified\":\"2024-03-01T06:42:06+00:00\",\"breadcrumb\":{\"@id\":\"https:\/\/wp1.novida.fi\/med21-mt\/graafinen\/#breadcrumb\"},\"inLanguage\":\"en-GB\",\"potentialAction\":[{\"@type\":\"ReadAction\",\"target\":[\"https:\/\/wp1.novida.fi\/med21-mt\/graafinen\/\"]}]},{\"@type\":\"ImageObject\",\"inLanguage\":\"en-GB\",\"@id\":\"https:\/\/wp1.novida.fi\/med21-mt\/graafinen\/#primaryimage\",\"url\":\"https:\/\/wp1.novida.fi\/med21-mt\/wp-content\/uploads\/sites\/43\/2023\/12\/joulupukki-postikortin-kokoisena.jpg\",\"contentUrl\":\"https:\/\/wp1.novida.fi\/med21-mt\/wp-content\/uploads\/sites\/43\/2023\/12\/joulupukki-postikortin-kokoisena.jpg\",\"width\":438,\"height\":438},{\"@type\":\"BreadcrumbList\",\"@id\":\"https:\/\/wp1.novida.fi\/med21-mt\/graafinen\/#breadcrumb\",\"itemListElement\":[{\"@type\":\"ListItem\",\"position\":1,\"name\":\"Home\",\"item\":\"https:\/\/wp1.novida.fi\/med21-mt\/\"},{\"@type\":\"ListItem\",\"position\":2,\"name\":\"Graafinen\"}]},{\"@type\":\"WebSite\",\"@id\":\"https:\/\/wp1.novida.fi\/med21-mt\/#website\",\"url\":\"https:\/\/wp1.novida.fi\/med21-mt\/\",\"name\":\"portfolio\",\"description\":\"\",\"potentialAction\":[{\"@type\":\"SearchAction\",\"target\":{\"@type\":\"EntryPoint\",\"urlTemplate\":\"https:\/\/wp1.novida.fi\/med21-mt\/?s={search_term_string}\"},\"query-input\":{\"@type\":\"PropertyValueSpecification\",\"valueRequired\":true,\"valueName\":\"search_term_string\"}}],\"inLanguage\":\"en-GB\"}]}<\/script>\n<!-- \/ Yoast SEO plugin. -->","yoast_head_json":{"title":"Graafinen - portfolio","robots":{"index":"index","follow":"follow","max-snippet":"max-snippet:-1","max-image-preview":"max-image-preview:large","max-video-preview":"max-video-preview:-1"},"canonical":"https:\/\/wp1.novida.fi\/med21-mt\/graafinen\/","og_locale":"en_GB","og_type":"article","og_title":"Graafinen - portfolio","og_description":"T\u00e4nne tulee Graafisen t\u00f6it\u00e4","og_url":"https:\/\/wp1.novida.fi\/med21-mt\/graafinen\/","og_site_name":"portfolio","article_modified_time":"2024-03-01T06:42:06+00:00","og_image":[{"url":"https:\/\/wp1.novida.fi\/med21-mt\/wp-content\/uploads\/sites\/43\/2023\/12\/joulupukki-postikortin-kokoisena.jpg","type":"","width":"","height":""}],"twitter_card":"summary_large_image","twitter_misc":{"Estimated reading time":"3 minutes"},"schema":{"@context":"https:\/\/schema.org","@graph":[{"@type":"WebPage","@id":"https:\/\/wp1.novida.fi\/med21-mt\/graafinen\/","url":"https:\/\/wp1.novida.fi\/med21-mt\/graafinen\/","name":"Graafinen - portfolio","isPartOf":{"@id":"https:\/\/wp1.novida.fi\/med21-mt\/#website"},"primaryImageOfPage":{"@id":"https:\/\/wp1.novida.fi\/med21-mt\/graafinen\/#primaryimage"},"image":{"@id":"https:\/\/wp1.novida.fi\/med21-mt\/graafinen\/#primaryimage"},"thumbnailUrl":"https:\/\/wp1.novida.fi\/med21-mt\/wp-content\/uploads\/sites\/43\/2023\/12\/joulupukki-postikortin-kokoisena.jpg","datePublished":"2022-03-17T09:51:33+00:00","dateModified":"2024-03-01T06:42:06+00:00","breadcrumb":{"@id":"https:\/\/wp1.novida.fi\/med21-mt\/graafinen\/#breadcrumb"},"inLanguage":"en-GB","potentialAction":[{"@type":"ReadAction","target":["https:\/\/wp1.novida.fi\/med21-mt\/graafinen\/"]}]},{"@type":"ImageObject","inLanguage":"en-GB","@id":"https:\/\/wp1.novida.fi\/med21-mt\/graafinen\/#primaryimage","url":"https:\/\/wp1.novida.fi\/med21-mt\/wp-content\/uploads\/sites\/43\/2023\/12\/joulupukki-postikortin-kokoisena.jpg","contentUrl":"https:\/\/wp1.novida.fi\/med21-mt\/wp-content\/uploads\/sites\/43\/2023\/12\/joulupukki-postikortin-kokoisena.jpg","width":438,"height":438},{"@type":"BreadcrumbList","@id":"https:\/\/wp1.novida.fi\/med21-mt\/graafinen\/#breadcrumb","itemListElement":[{"@type":"ListItem","position":1,"name":"Home","item":"https:\/\/wp1.novida.fi\/med21-mt\/"},{"@type":"ListItem","position":2,"name":"Graafinen"}]},{"@type":"WebSite","@id":"https:\/\/wp1.novida.fi\/med21-mt\/#website","url":"https:\/\/wp1.novida.fi\/med21-mt\/","name":"portfolio","description":"","potentialAction":[{"@type":"SearchAction","target":{"@type":"EntryPoint","urlTemplate":"https:\/\/wp1.novida.fi\/med21-mt\/?s={search_term_string}"},"query-input":{"@type":"PropertyValueSpecification","valueRequired":true,"valueName":"search_term_string"}}],"inLanguage":"en-GB"}]}},"_links":{"self":[{"href":"https:\/\/wp1.novida.fi\/med21-mt\/wp-json\/wp\/v2\/pages\/24","targetHints":{"allow":["GET"]}}],"collection":[{"href":"https:\/\/wp1.novida.fi\/med21-mt\/wp-json\/wp\/v2\/pages"}],"about":[{"href":"https:\/\/wp1.novida.fi\/med21-mt\/wp-json\/wp\/v2\/types\/page"}],"author":[{"embeddable":true,"href":"https:\/\/wp1.novida.fi\/med21-mt\/wp-json\/wp\/v2\/users\/41"}],"replies":[{"embeddable":true,"href":"https:\/\/wp1.novida.fi\/med21-mt\/wp-json\/wp\/v2\/comments?post=24"}],"version-history":[{"count":4,"href":"https:\/\/wp1.novida.fi\/med21-mt\/wp-json\/wp\/v2\/pages\/24\/revisions"}],"predecessor-version":[{"id":229,"href":"https:\/\/wp1.novida.fi\/med21-mt\/wp-json\/wp\/v2\/pages\/24\/revisions\/229"}],"wp:attachment":[{"href":"https:\/\/wp1.novida.fi\/med21-mt\/wp-json\/wp\/v2\/media?parent=24"}],"curies":[{"name":"wp","href":"https:\/\/api.w.org\/{rel}","templated":true}]}}