{"id":95,"date":"2022-03-17T14:21:44","date_gmt":"2022-03-17T12:21:44","guid":{"rendered":"https:\/\/mariataurenportfolio.wordpress.com\/?page_id=95"},"modified":"2025-12-04T18:26:45","modified_gmt":"2025-12-04T18:26:45","slug":"cv","status":"publish","type":"page","link":"https:\/\/wp1.novida.fi\/med21-mt\/cv\/","title":{"rendered":"CV"},"content":{"rendered":"\n<p><img loading=\"lazy\" decoding=\"async\" width=\"136\" height=\"242\" src=\"\">&nbsp;&nbsp;&nbsp;&nbsp;&nbsp;&nbsp;&nbsp;&nbsp;&nbsp;&nbsp;&nbsp;&nbsp;&nbsp;&nbsp;&nbsp;&nbsp;&nbsp;&nbsp;&nbsp;&nbsp;&nbsp;&nbsp;&nbsp;&nbsp;&nbsp;&nbsp;&nbsp;&nbsp;&nbsp;&nbsp;&nbsp;&nbsp; <\/p>\n\n\n\n<figure class=\"wp-block-image size-full is-resized\"><img loading=\"lazy\" decoding=\"async\" width=\"212\" height=\"378\" src=\"https:\/\/wp1.novida.fi\/med21-mt\/wp-content\/uploads\/sites\/43\/2023\/01\/image.png\" alt=\"\" class=\"wp-image-124\" style=\"width:172px;height:307px\" srcset=\"https:\/\/wp1.novida.fi\/med21-mt\/wp-content\/uploads\/sites\/43\/2023\/01\/image.png 212w, https:\/\/wp1.novida.fi\/med21-mt\/wp-content\/uploads\/sites\/43\/2023\/01\/image-168x300.png 168w\" sizes=\"auto, (max-width: 212px) 100vw, 212px\" \/><\/figure>\n\n\n\n<p><\/p>\n\n\n\n<p>Maria Kristiina Taur\u00e9n&nbsp;&nbsp;&nbsp;&nbsp;&nbsp;&nbsp;&nbsp;&nbsp;Curriculum Vitae&nbsp;&nbsp;&nbsp;&nbsp;&nbsp;<\/p>\n\n\n\n<p>&nbsp;&nbsp;&nbsp;&nbsp;&nbsp;&nbsp;&nbsp;&nbsp;&nbsp;&nbsp;&nbsp;&nbsp;&nbsp;&nbsp;&nbsp;&nbsp;&nbsp;<\/p>\n\n\n\n<p>Mets\u00e4t\u00e4hdentie 2<\/p>\n\n\n\n<p>21250 Masku<\/p>\n\n\n\n<p><\/p>\n\n\n\n<p>s.posti: <a href=\"mailto:maria.tauren@outlook.com\">maria.tauren@outlook.com<\/a><\/p>\n\n\n\n<p>Koulutus<\/p>\n\n\n\n<p>2022 H\u00e4t\u00e4ensiapu\/lapset<\/p>\n\n\n\n<p>2019 Opintoja Avoimessa AMK:ssa<\/p>\n\n\n\n<p>Officen perusk\u00e4ytt\u00f6<\/p>\n\n\n\n<p>Matematiikan perusty\u00f6kalut<\/p>\n\n\n\n<p>Digitaalisuus ty\u00f6el\u00e4m\u00e4ss\u00e4<\/p>\n\n\n\n<p>Verkko-oppimisen taidot ja ymp\u00e4rist\u00f6<\/p>\n\n\n\n<p>Organisaatio-osaaminen<\/p>\n\n\n\n<p>Markkinoinnin perusteet ja toimintaymp\u00e4rist\u00f6<\/p>\n\n\n\n<p>2014 Ty\u00f6turvallisuuskortti, Winnova<\/p>\n\n\n\n<p>2014 Ensiapukortti, Winnova<\/p>\n\n\n\n<p>2008 L\u00e4\u00e4keteknikko, Turun ammatti-instituutti<\/p>\n\n\n\n<p>2003 Ylioppilas, Juhana-Herttuan lukio, Turku<\/p>\n\n\n\n<p>2002-2003 Teatteritaiteen lukiodiplomi<\/p>\n\n\n\n<p>1998 EF-kielimatka Irlantiin<\/p>\n\n\n\n<p>Ty\u00f6kokemus<\/p>\n\n\n\n<p>2007-2012 Varsinaissuomen sairaanhoitopiiri, TYKS Sairaala-apteekki<\/p>\n\n\n\n<p>Syksyll\u00e4 2006 Ty\u00f6harjoittelu Turun terveystoimi, Sairaala-apteekki 8 vko<\/p>\n\n\n\n<p>Kes\u00e4ll\u00e4 2006 T\u00f6iss\u00e4 Maskun sivuapteekissa 2 kk<\/p>\n\n\n\n<p>Kev\u00e4\u00e4ll\u00e4 2006 Ty\u00f6harjoittelu Maskun sivuapteekissa 7 vko<\/p>\n\n\n\n<p>Vuosina 2004-2007 Liinahaan vanhainkoti (hoitoapulaisen teht\u00e4v\u00e4t)<\/p>\n\n\n\n<p>Vuonna 1998 Turku &#8211; Palvelu OY (p\u00e4iv\u00e4jakajana) 9kk<\/p>\n\n\n\n<p>Kielitaito<\/p>\n\n\n\n<p>suomi:&nbsp;&nbsp;&nbsp;&nbsp;&nbsp;&nbsp;&nbsp;&nbsp;&nbsp;&nbsp;&nbsp; \u00e4idinkieli<\/p>\n\n\n\n<p>englanti:&nbsp;&nbsp;&nbsp;&nbsp;&nbsp;&nbsp;&nbsp; k\u00e4yt\u00e4nn\u00f6n suullinen ja kirjallinen kielitaito<\/p>\n\n\n\n<p>ruotsi :&nbsp;&nbsp;&nbsp;&nbsp;&nbsp;&nbsp;&nbsp;&nbsp;&nbsp;&nbsp; auttava suullinen ja kirjallinen kielitaito<\/p>\n\n\n\n<p>ranska :&nbsp;&nbsp;&nbsp;&nbsp;&nbsp;&nbsp;&nbsp;&nbsp; alkeet<\/p>\n","protected":false},"excerpt":{"rendered":"<p>&nbsp;&nbsp;&nbsp;&nbsp;&nbsp;&nbsp;&nbsp;&nbsp;&nbsp;&nbsp;&nbsp;&nbsp;&nbsp;&nbsp;&nbsp;&nbsp;&nbsp;&nbsp;&nbsp;&nbsp;&nbsp;&nbsp;&nbsp;&nbsp;&nbsp;&nbsp;&nbsp;&nbsp;&nbsp;&nbsp;&nbsp;&nbsp; Maria Kristiina Taur\u00e9n&nbsp;&nbsp;&nbsp;&nbsp;&nbsp;&nbsp;&nbsp;&nbsp;Curriculum Vitae&nbsp;&nbsp;&nbsp;&nbsp;&nbsp; &nbsp;&nbsp;&nbsp;&nbsp;&nbsp;&nbsp;&nbsp;&nbsp;&nbsp;&nbsp;&nbsp;&nbsp;&nbsp;&nbsp;&nbsp;&nbsp;&nbsp; Mets\u00e4t\u00e4hdentie 2 21250 Masku s.posti: maria.tauren@outlook.com Koulutus 2022 H\u00e4t\u00e4ensiapu\/lapset 2019 Opintoja Avoimessa AMK:ssa Officen perusk\u00e4ytt\u00f6 Matematiikan perusty\u00f6kalut Digitaalisuus ty\u00f6el\u00e4m\u00e4ss\u00e4 Verkko-oppimisen taidot ja&#8230;<\/p>\n","protected":false},"author":41,"featured_media":0,"parent":0,"menu_order":0,"comment_status":"closed","ping_status":"closed","template":"","meta":{"inline_featured_image":false,"_themeisle_gutenberg_block_has_review":false,"footnotes":""},"class_list":["post-95","page","type-page","status-publish","hentry"],"yoast_head":"<!-- This site is optimized with the Yoast SEO plugin v26.7 - https:\/\/yoast.com\/wordpress\/plugins\/seo\/ -->\n<title>CV - portfolio<\/title>\n<meta name=\"robots\" content=\"index, follow, max-snippet:-1, max-image-preview:large, max-video-preview:-1\" \/>\n<link rel=\"canonical\" href=\"https:\/\/wp1.novida.fi\/med21-mt\/cv\/\" \/>\n<meta property=\"og:locale\" content=\"en_GB\" \/>\n<meta property=\"og:type\" content=\"article\" \/>\n<meta property=\"og:title\" content=\"CV - portfolio\" \/>\n<meta property=\"og:description\" content=\"&nbsp;&nbsp;&nbsp;&nbsp;&nbsp;&nbsp;&nbsp;&nbsp;&nbsp;&nbsp;&nbsp;&nbsp;&nbsp;&nbsp;&nbsp;&nbsp;&nbsp;&nbsp;&nbsp;&nbsp;&nbsp;&nbsp;&nbsp;&nbsp;&nbsp;&nbsp;&nbsp;&nbsp;&nbsp;&nbsp;&nbsp;&nbsp; Maria Kristiina Taur\u00e9n&nbsp;&nbsp;&nbsp;&nbsp;&nbsp;&nbsp;&nbsp;&nbsp;Curriculum Vitae&nbsp;&nbsp;&nbsp;&nbsp;&nbsp; &nbsp;&nbsp;&nbsp;&nbsp;&nbsp;&nbsp;&nbsp;&nbsp;&nbsp;&nbsp;&nbsp;&nbsp;&nbsp;&nbsp;&nbsp;&nbsp;&nbsp; Mets\u00e4t\u00e4hdentie 2 21250 Masku s.posti: maria.tauren@outlook.com Koulutus 2022 H\u00e4t\u00e4ensiapu\/lapset 2019 Opintoja Avoimessa AMK:ssa Officen perusk\u00e4ytt\u00f6 Matematiikan perusty\u00f6kalut Digitaalisuus ty\u00f6el\u00e4m\u00e4ss\u00e4 Verkko-oppimisen taidot ja...\" \/>\n<meta property=\"og:url\" content=\"https:\/\/wp1.novida.fi\/med21-mt\/cv\/\" \/>\n<meta property=\"og:site_name\" content=\"portfolio\" \/>\n<meta property=\"article:modified_time\" content=\"2025-12-04T18:26:45+00:00\" \/>\n<meta property=\"og:image\" content=\"https:\/\/wp1.novida.fi\/med21-mt\/wp-content\/uploads\/sites\/43\/2023\/01\/image.png\" \/>\n\t<meta property=\"og:image:width\" content=\"212\" \/>\n\t<meta property=\"og:image:height\" content=\"378\" \/>\n\t<meta property=\"og:image:type\" content=\"image\/png\" \/>\n<meta name=\"twitter:card\" content=\"summary_large_image\" \/>\n<meta name=\"twitter:label1\" content=\"Estimated reading time\" \/>\n\t<meta name=\"twitter:data1\" content=\"1 minute\" \/>\n<script type=\"application\/ld+json\" class=\"yoast-schema-graph\">{\"@context\":\"https:\/\/schema.org\",\"@graph\":[{\"@type\":\"WebPage\",\"@id\":\"https:\/\/wp1.novida.fi\/med21-mt\/cv\/\",\"url\":\"https:\/\/wp1.novida.fi\/med21-mt\/cv\/\",\"name\":\"CV - portfolio\",\"isPartOf\":{\"@id\":\"https:\/\/wp1.novida.fi\/med21-mt\/#website\"},\"primaryImageOfPage\":{\"@id\":\"https:\/\/wp1.novida.fi\/med21-mt\/cv\/#primaryimage\"},\"image\":{\"@id\":\"https:\/\/wp1.novida.fi\/med21-mt\/cv\/#primaryimage\"},\"thumbnailUrl\":\"https:\/\/wp1.novida.fi\/med21-mt\/wp-content\/uploads\/sites\/43\/2023\/01\/image.png\",\"datePublished\":\"2022-03-17T12:21:44+00:00\",\"dateModified\":\"2025-12-04T18:26:45+00:00\",\"breadcrumb\":{\"@id\":\"https:\/\/wp1.novida.fi\/med21-mt\/cv\/#breadcrumb\"},\"inLanguage\":\"en-GB\",\"potentialAction\":[{\"@type\":\"ReadAction\",\"target\":[\"https:\/\/wp1.novida.fi\/med21-mt\/cv\/\"]}]},{\"@type\":\"ImageObject\",\"inLanguage\":\"en-GB\",\"@id\":\"https:\/\/wp1.novida.fi\/med21-mt\/cv\/#primaryimage\",\"url\":\"https:\/\/wp1.novida.fi\/med21-mt\/wp-content\/uploads\/sites\/43\/2023\/01\/image.png\",\"contentUrl\":\"https:\/\/wp1.novida.fi\/med21-mt\/wp-content\/uploads\/sites\/43\/2023\/01\/image.png\",\"width\":212,\"height\":378},{\"@type\":\"BreadcrumbList\",\"@id\":\"https:\/\/wp1.novida.fi\/med21-mt\/cv\/#breadcrumb\",\"itemListElement\":[{\"@type\":\"ListItem\",\"position\":1,\"name\":\"Home\",\"item\":\"https:\/\/wp1.novida.fi\/med21-mt\/\"},{\"@type\":\"ListItem\",\"position\":2,\"name\":\"CV\"}]},{\"@type\":\"WebSite\",\"@id\":\"https:\/\/wp1.novida.fi\/med21-mt\/#website\",\"url\":\"https:\/\/wp1.novida.fi\/med21-mt\/\",\"name\":\"portfolio\",\"description\":\"\",\"potentialAction\":[{\"@type\":\"SearchAction\",\"target\":{\"@type\":\"EntryPoint\",\"urlTemplate\":\"https:\/\/wp1.novida.fi\/med21-mt\/?s={search_term_string}\"},\"query-input\":{\"@type\":\"PropertyValueSpecification\",\"valueRequired\":true,\"valueName\":\"search_term_string\"}}],\"inLanguage\":\"en-GB\"}]}<\/script>\n<!-- \/ Yoast SEO plugin. -->","yoast_head_json":{"title":"CV - portfolio","robots":{"index":"index","follow":"follow","max-snippet":"max-snippet:-1","max-image-preview":"max-image-preview:large","max-video-preview":"max-video-preview:-1"},"canonical":"https:\/\/wp1.novida.fi\/med21-mt\/cv\/","og_locale":"en_GB","og_type":"article","og_title":"CV - portfolio","og_description":"&nbsp;&nbsp;&nbsp;&nbsp;&nbsp;&nbsp;&nbsp;&nbsp;&nbsp;&nbsp;&nbsp;&nbsp;&nbsp;&nbsp;&nbsp;&nbsp;&nbsp;&nbsp;&nbsp;&nbsp;&nbsp;&nbsp;&nbsp;&nbsp;&nbsp;&nbsp;&nbsp;&nbsp;&nbsp;&nbsp;&nbsp;&nbsp; Maria Kristiina Taur\u00e9n&nbsp;&nbsp;&nbsp;&nbsp;&nbsp;&nbsp;&nbsp;&nbsp;Curriculum Vitae&nbsp;&nbsp;&nbsp;&nbsp;&nbsp; &nbsp;&nbsp;&nbsp;&nbsp;&nbsp;&nbsp;&nbsp;&nbsp;&nbsp;&nbsp;&nbsp;&nbsp;&nbsp;&nbsp;&nbsp;&nbsp;&nbsp; Mets\u00e4t\u00e4hdentie 2 21250 Masku s.posti: maria.tauren@outlook.com Koulutus 2022 H\u00e4t\u00e4ensiapu\/lapset 2019 Opintoja Avoimessa AMK:ssa Officen perusk\u00e4ytt\u00f6 Matematiikan perusty\u00f6kalut Digitaalisuus ty\u00f6el\u00e4m\u00e4ss\u00e4 Verkko-oppimisen taidot ja...","og_url":"https:\/\/wp1.novida.fi\/med21-mt\/cv\/","og_site_name":"portfolio","article_modified_time":"2025-12-04T18:26:45+00:00","og_image":[{"width":212,"height":378,"url":"https:\/\/wp1.novida.fi\/med21-mt\/wp-content\/uploads\/sites\/43\/2023\/01\/image.png","type":"image\/png"}],"twitter_card":"summary_large_image","twitter_misc":{"Estimated reading time":"1 minute"},"schema":{"@context":"https:\/\/schema.org","@graph":[{"@type":"WebPage","@id":"https:\/\/wp1.novida.fi\/med21-mt\/cv\/","url":"https:\/\/wp1.novida.fi\/med21-mt\/cv\/","name":"CV - portfolio","isPartOf":{"@id":"https:\/\/wp1.novida.fi\/med21-mt\/#website"},"primaryImageOfPage":{"@id":"https:\/\/wp1.novida.fi\/med21-mt\/cv\/#primaryimage"},"image":{"@id":"https:\/\/wp1.novida.fi\/med21-mt\/cv\/#primaryimage"},"thumbnailUrl":"https:\/\/wp1.novida.fi\/med21-mt\/wp-content\/uploads\/sites\/43\/2023\/01\/image.png","datePublished":"2022-03-17T12:21:44+00:00","dateModified":"2025-12-04T18:26:45+00:00","breadcrumb":{"@id":"https:\/\/wp1.novida.fi\/med21-mt\/cv\/#breadcrumb"},"inLanguage":"en-GB","potentialAction":[{"@type":"ReadAction","target":["https:\/\/wp1.novida.fi\/med21-mt\/cv\/"]}]},{"@type":"ImageObject","inLanguage":"en-GB","@id":"https:\/\/wp1.novida.fi\/med21-mt\/cv\/#primaryimage","url":"https:\/\/wp1.novida.fi\/med21-mt\/wp-content\/uploads\/sites\/43\/2023\/01\/image.png","contentUrl":"https:\/\/wp1.novida.fi\/med21-mt\/wp-content\/uploads\/sites\/43\/2023\/01\/image.png","width":212,"height":378},{"@type":"BreadcrumbList","@id":"https:\/\/wp1.novida.fi\/med21-mt\/cv\/#breadcrumb","itemListElement":[{"@type":"ListItem","position":1,"name":"Home","item":"https:\/\/wp1.novida.fi\/med21-mt\/"},{"@type":"ListItem","position":2,"name":"CV"}]},{"@type":"WebSite","@id":"https:\/\/wp1.novida.fi\/med21-mt\/#website","url":"https:\/\/wp1.novida.fi\/med21-mt\/","name":"portfolio","description":"","potentialAction":[{"@type":"SearchAction","target":{"@type":"EntryPoint","urlTemplate":"https:\/\/wp1.novida.fi\/med21-mt\/?s={search_term_string}"},"query-input":{"@type":"PropertyValueSpecification","valueRequired":true,"valueName":"search_term_string"}}],"inLanguage":"en-GB"}]}},"_links":{"self":[{"href":"https:\/\/wp1.novida.fi\/med21-mt\/wp-json\/wp\/v2\/pages\/95","targetHints":{"allow":["GET"]}}],"collection":[{"href":"https:\/\/wp1.novida.fi\/med21-mt\/wp-json\/wp\/v2\/pages"}],"about":[{"href":"https:\/\/wp1.novida.fi\/med21-mt\/wp-json\/wp\/v2\/types\/page"}],"author":[{"embeddable":true,"href":"https:\/\/wp1.novida.fi\/med21-mt\/wp-json\/wp\/v2\/users\/41"}],"replies":[{"embeddable":true,"href":"https:\/\/wp1.novida.fi\/med21-mt\/wp-json\/wp\/v2\/comments?post=95"}],"version-history":[{"count":2,"href":"https:\/\/wp1.novida.fi\/med21-mt\/wp-json\/wp\/v2\/pages\/95\/revisions"}],"predecessor-version":[{"id":266,"href":"https:\/\/wp1.novida.fi\/med21-mt\/wp-json\/wp\/v2\/pages\/95\/revisions\/266"}],"wp:attachment":[{"href":"https:\/\/wp1.novida.fi\/med21-mt\/wp-json\/wp\/v2\/media?parent=95"}],"curies":[{"name":"wp","href":"https:\/\/api.w.org\/{rel}","templated":true}]}}