{"id":203,"date":"2022-05-05T13:03:19","date_gmt":"2022-05-05T10:03:19","guid":{"rendered":"https:\/\/wp1.novida.fi\/turuntienkioski\/?page_id=203"},"modified":"2026-04-20T12:04:38","modified_gmt":"2026-04-20T09:04:38","slug":"aukioloajat","status":"publish","type":"page","link":"https:\/\/wp1.novida.fi\/turuntienkioski\/aukioloajat\/","title":{"rendered":"Aukioloajat"},"content":{"rendered":"\n<h2 class=\"wp-block-heading\">Kioskin aukioloajat<\/h2>\n\n\n\n<hr class=\"wp-block-separator has-alpha-channel-opacity\" \/>\n\n\n\n<div class=\"wp-block-columns is-layout-flex wp-container-core-columns-is-layout-9d6595d7 wp-block-columns-is-layout-flex\">\n<div class=\"wp-block-column is-layout-flow wp-block-column-is-layout-flow\">\n<p><strong>Tauko kutsuu ja kioski vastaa<\/strong>!\ud83e\udd29<\/p>\n\n\n\n<p>Olemme p\u00e4\u00e4s\u00e4\u00e4nt\u00f6isesti auki ma-pe joten tule ihmeess\u00e4 piipahtamaan ja hakemaan energiaa p\u00e4iv\u00e4\u00e4n. <strong>Tsekkaa p\u00e4iv\u00e4n aikataulut ja tule k\u00e4ym\u00e4\u00e4n<\/strong>!\ud83e\uddd0<\/p>\n\n\n\n<p>Jos aikatauluihin tulee muutoksia tai poikkeuksia niist\u00e4 ilmoitetaan!<\/p>\n<\/div>\n\n\n\n<div class=\"wp-block-column is-style-stripes is-layout-flow wp-block-column-is-layout-flow\">\n<figure class=\"wp-block-table is-style-stripes\"><table class=\"has-fixed-layout\"><tbody><tr><td class=\"has-text-align-center\" data-align=\"center\"><strong>P\u00e4iv\u00e4t<\/strong><\/td><td class=\"has-text-align-center\" data-align=\"center\"><strong>Aukioloajat<\/strong><\/td><\/tr><tr><td class=\"has-text-align-center\" data-align=\"center\">P\u00e4\u00e4s\u00e4\u00e4nt\u00f6isesti joka ma-pe<\/td><td class=\"has-text-align-center\" data-align=\"center\">klo 8.45-9.00<\/td><\/tr><tr><td class=\"has-text-align-center\" data-align=\"center\"><\/td><td class=\"has-text-align-center\" data-align=\"center\"><\/td><\/tr><\/tbody><\/table><\/figure>\n<\/div>\n<\/div>\n\n\n\n<p><\/p>\n\n\n\n<hr class=\"wp-block-separator has-alpha-channel-opacity\" \/>\n","protected":false},"excerpt":{"rendered":"<p>Kioskin aukioloajat Tauko kutsuu ja kioski vastaa!\ud83e\udd29 Olemme p\u00e4\u00e4s\u00e4\u00e4nt\u00f6isesti auki ma-pe joten tule ihmeess\u00e4 piipahtamaan ja hakemaan energiaa p\u00e4iv\u00e4\u00e4n. Tsekkaa p\u00e4iv\u00e4n aikataulut ja tule k\u00e4ym\u00e4\u00e4n!\ud83e\uddd0 Jos aikatauluihin tulee muutoksia tai poikkeuksia niist\u00e4 ilmoitetaan! P\u00e4iv\u00e4t Aukioloajat P\u00e4\u00e4s\u00e4\u00e4nt\u00f6isesti joka ma-pe klo 8.45-9.00<\/p>\n","protected":false},"author":9,"featured_media":0,"parent":0,"menu_order":0,"comment_status":"closed","ping_status":"closed","template":"","meta":{"inline_featured_image":false,"_themeisle_gutenberg_block_has_review":false,"footnotes":""},"class_list":["post-203","page","type-page","status-publish","hentry"],"yoast_head":"<!-- This site is optimized with the Yoast SEO plugin v27.3 - https:\/\/yoast.com\/product\/yoast-seo-wordpress\/ -->\n<title>Aukioloajat - Turuntien Kioski<\/title>\n<meta name=\"robots\" content=\"index, follow, max-snippet:-1, max-image-preview:large, max-video-preview:-1\" \/>\n<link rel=\"canonical\" href=\"https:\/\/wp1.novida.fi\/turuntienkioski\/aukioloajat\/\" \/>\n<meta property=\"og:locale\" content=\"fi_FI\" \/>\n<meta property=\"og:type\" content=\"article\" \/>\n<meta property=\"og:title\" content=\"Aukioloajat - Turuntien Kioski\" \/>\n<meta property=\"og:description\" content=\"Kioskin aukioloajat Tauko kutsuu ja kioski vastaa!\ud83e\udd29 Olemme p\u00e4\u00e4s\u00e4\u00e4nt\u00f6isesti auki ma-pe joten tule ihmeess\u00e4 piipahtamaan ja hakemaan energiaa p\u00e4iv\u00e4\u00e4n. Tsekkaa p\u00e4iv\u00e4n aikataulut ja tule k\u00e4ym\u00e4\u00e4n!\ud83e\uddd0 Jos aikatauluihin tulee muutoksia tai poikkeuksia niist\u00e4 ilmoitetaan! P\u00e4iv\u00e4t Aukioloajat P\u00e4\u00e4s\u00e4\u00e4nt\u00f6isesti joka ma-pe klo 8.45-9.00\" \/>\n<meta property=\"og:url\" content=\"https:\/\/wp1.novida.fi\/turuntienkioski\/aukioloajat\/\" \/>\n<meta property=\"og:site_name\" content=\"Turuntien Kioski\" \/>\n<meta property=\"article:modified_time\" content=\"2026-04-20T09:04:38+00:00\" \/>\n<meta name=\"twitter:card\" content=\"summary_large_image\" \/>\n<meta name=\"twitter:label1\" content=\"Arvioitu lukuaika\" \/>\n\t<meta name=\"twitter:data1\" content=\"1 minuutti\" \/>\n<script type=\"application\/ld+json\" class=\"yoast-schema-graph\">{\"@context\":\"https:\\\/\\\/schema.org\",\"@graph\":[{\"@type\":\"WebPage\",\"@id\":\"https:\\\/\\\/wp1.novida.fi\\\/turuntienkioski\\\/aukioloajat\\\/\",\"url\":\"https:\\\/\\\/wp1.novida.fi\\\/turuntienkioski\\\/aukioloajat\\\/\",\"name\":\"Aukioloajat - Turuntien Kioski\",\"isPartOf\":{\"@id\":\"https:\\\/\\\/wp1.novida.fi\\\/turuntienkioski\\\/#website\"},\"datePublished\":\"2022-05-05T10:03:19+00:00\",\"dateModified\":\"2026-04-20T09:04:38+00:00\",\"breadcrumb\":{\"@id\":\"https:\\\/\\\/wp1.novida.fi\\\/turuntienkioski\\\/aukioloajat\\\/#breadcrumb\"},\"inLanguage\":\"fi\",\"potentialAction\":[{\"@type\":\"ReadAction\",\"target\":[\"https:\\\/\\\/wp1.novida.fi\\\/turuntienkioski\\\/aukioloajat\\\/\"]}]},{\"@type\":\"BreadcrumbList\",\"@id\":\"https:\\\/\\\/wp1.novida.fi\\\/turuntienkioski\\\/aukioloajat\\\/#breadcrumb\",\"itemListElement\":[{\"@type\":\"ListItem\",\"position\":1,\"name\":\"Home\",\"item\":\"https:\\\/\\\/wp1.novida.fi\\\/turuntienkioski\\\/\"},{\"@type\":\"ListItem\",\"position\":2,\"name\":\"Aukioloajat\"}]},{\"@type\":\"WebSite\",\"@id\":\"https:\\\/\\\/wp1.novida.fi\\\/turuntienkioski\\\/#website\",\"url\":\"https:\\\/\\\/wp1.novida.fi\\\/turuntienkioski\\\/\",\"name\":\"Turuntien Kioski\",\"description\":\"Opiskelija kahvila Novida Loimaa\",\"publisher\":{\"@id\":\"https:\\\/\\\/wp1.novida.fi\\\/turuntienkioski\\\/#organization\"},\"potentialAction\":[{\"@type\":\"SearchAction\",\"target\":{\"@type\":\"EntryPoint\",\"urlTemplate\":\"https:\\\/\\\/wp1.novida.fi\\\/turuntienkioski\\\/?s={search_term_string}\"},\"query-input\":{\"@type\":\"PropertyValueSpecification\",\"valueRequired\":true,\"valueName\":\"search_term_string\"}}],\"inLanguage\":\"fi\"},{\"@type\":\"Organization\",\"@id\":\"https:\\\/\\\/wp1.novida.fi\\\/turuntienkioski\\\/#organization\",\"name\":\"Turuntien Kioski\",\"url\":\"https:\\\/\\\/wp1.novida.fi\\\/turuntienkioski\\\/\",\"logo\":{\"@type\":\"ImageObject\",\"inLanguage\":\"fi\",\"@id\":\"https:\\\/\\\/wp1.novida.fi\\\/turuntienkioski\\\/#\\\/schema\\\/logo\\\/image\\\/\",\"url\":\"https:\\\/\\\/wp1.novida.fi\\\/turuntienkioski\\\/wp-content\\\/uploads\\\/sites\\\/27\\\/2026\\\/01\\\/cropped-cropped-Turuntien-kioskin-logo-ilman-taustaa-2.png\",\"contentUrl\":\"https:\\\/\\\/wp1.novida.fi\\\/turuntienkioski\\\/wp-content\\\/uploads\\\/sites\\\/27\\\/2026\\\/01\\\/cropped-cropped-Turuntien-kioskin-logo-ilman-taustaa-2.png\",\"width\":370,\"height\":368,\"caption\":\"Turuntien Kioski\"},\"image\":{\"@id\":\"https:\\\/\\\/wp1.novida.fi\\\/turuntienkioski\\\/#\\\/schema\\\/logo\\\/image\\\/\"}}]}<\/script>\n<!-- \/ Yoast SEO plugin. -->","yoast_head_json":{"title":"Aukioloajat - Turuntien Kioski","robots":{"index":"index","follow":"follow","max-snippet":"max-snippet:-1","max-image-preview":"max-image-preview:large","max-video-preview":"max-video-preview:-1"},"canonical":"https:\/\/wp1.novida.fi\/turuntienkioski\/aukioloajat\/","og_locale":"fi_FI","og_type":"article","og_title":"Aukioloajat - Turuntien Kioski","og_description":"Kioskin aukioloajat Tauko kutsuu ja kioski vastaa!\ud83e\udd29 Olemme p\u00e4\u00e4s\u00e4\u00e4nt\u00f6isesti auki ma-pe joten tule ihmeess\u00e4 piipahtamaan ja hakemaan energiaa p\u00e4iv\u00e4\u00e4n. Tsekkaa p\u00e4iv\u00e4n aikataulut ja tule k\u00e4ym\u00e4\u00e4n!\ud83e\uddd0 Jos aikatauluihin tulee muutoksia tai poikkeuksia niist\u00e4 ilmoitetaan! P\u00e4iv\u00e4t Aukioloajat P\u00e4\u00e4s\u00e4\u00e4nt\u00f6isesti joka ma-pe klo 8.45-9.00","og_url":"https:\/\/wp1.novida.fi\/turuntienkioski\/aukioloajat\/","og_site_name":"Turuntien Kioski","article_modified_time":"2026-04-20T09:04:38+00:00","twitter_card":"summary_large_image","twitter_misc":{"Arvioitu lukuaika":"1 minuutti"},"schema":{"@context":"https:\/\/schema.org","@graph":[{"@type":"WebPage","@id":"https:\/\/wp1.novida.fi\/turuntienkioski\/aukioloajat\/","url":"https:\/\/wp1.novida.fi\/turuntienkioski\/aukioloajat\/","name":"Aukioloajat - Turuntien Kioski","isPartOf":{"@id":"https:\/\/wp1.novida.fi\/turuntienkioski\/#website"},"datePublished":"2022-05-05T10:03:19+00:00","dateModified":"2026-04-20T09:04:38+00:00","breadcrumb":{"@id":"https:\/\/wp1.novida.fi\/turuntienkioski\/aukioloajat\/#breadcrumb"},"inLanguage":"fi","potentialAction":[{"@type":"ReadAction","target":["https:\/\/wp1.novida.fi\/turuntienkioski\/aukioloajat\/"]}]},{"@type":"BreadcrumbList","@id":"https:\/\/wp1.novida.fi\/turuntienkioski\/aukioloajat\/#breadcrumb","itemListElement":[{"@type":"ListItem","position":1,"name":"Home","item":"https:\/\/wp1.novida.fi\/turuntienkioski\/"},{"@type":"ListItem","position":2,"name":"Aukioloajat"}]},{"@type":"WebSite","@id":"https:\/\/wp1.novida.fi\/turuntienkioski\/#website","url":"https:\/\/wp1.novida.fi\/turuntienkioski\/","name":"Turuntien Kioski","description":"Opiskelija kahvila Novida Loimaa","publisher":{"@id":"https:\/\/wp1.novida.fi\/turuntienkioski\/#organization"},"potentialAction":[{"@type":"SearchAction","target":{"@type":"EntryPoint","urlTemplate":"https:\/\/wp1.novida.fi\/turuntienkioski\/?s={search_term_string}"},"query-input":{"@type":"PropertyValueSpecification","valueRequired":true,"valueName":"search_term_string"}}],"inLanguage":"fi"},{"@type":"Organization","@id":"https:\/\/wp1.novida.fi\/turuntienkioski\/#organization","name":"Turuntien Kioski","url":"https:\/\/wp1.novida.fi\/turuntienkioski\/","logo":{"@type":"ImageObject","inLanguage":"fi","@id":"https:\/\/wp1.novida.fi\/turuntienkioski\/#\/schema\/logo\/image\/","url":"https:\/\/wp1.novida.fi\/turuntienkioski\/wp-content\/uploads\/sites\/27\/2026\/01\/cropped-cropped-Turuntien-kioskin-logo-ilman-taustaa-2.png","contentUrl":"https:\/\/wp1.novida.fi\/turuntienkioski\/wp-content\/uploads\/sites\/27\/2026\/01\/cropped-cropped-Turuntien-kioskin-logo-ilman-taustaa-2.png","width":370,"height":368,"caption":"Turuntien Kioski"},"image":{"@id":"https:\/\/wp1.novida.fi\/turuntienkioski\/#\/schema\/logo\/image\/"}}]}},"_links":{"self":[{"href":"https:\/\/wp1.novida.fi\/turuntienkioski\/wp-json\/wp\/v2\/pages\/203","targetHints":{"allow":["GET"]}}],"collection":[{"href":"https:\/\/wp1.novida.fi\/turuntienkioski\/wp-json\/wp\/v2\/pages"}],"about":[{"href":"https:\/\/wp1.novida.fi\/turuntienkioski\/wp-json\/wp\/v2\/types\/page"}],"author":[{"embeddable":true,"href":"https:\/\/wp1.novida.fi\/turuntienkioski\/wp-json\/wp\/v2\/users\/9"}],"replies":[{"embeddable":true,"href":"https:\/\/wp1.novida.fi\/turuntienkioski\/wp-json\/wp\/v2\/comments?post=203"}],"version-history":[{"count":27,"href":"https:\/\/wp1.novida.fi\/turuntienkioski\/wp-json\/wp\/v2\/pages\/203\/revisions"}],"predecessor-version":[{"id":500,"href":"https:\/\/wp1.novida.fi\/turuntienkioski\/wp-json\/wp\/v2\/pages\/203\/revisions\/500"}],"wp:attachment":[{"href":"https:\/\/wp1.novida.fi\/turuntienkioski\/wp-json\/wp\/v2\/media?parent=203"}],"curies":[{"name":"wp","href":"https:\/\/api.w.org\/{rel}","templated":true}]}}