{"id":56,"date":"2021-10-11T10:58:58","date_gmt":"2021-10-11T09:58:58","guid":{"rendered":"https:\/\/wp1.novida.fi\/turuntienkioski\/?page_id=56"},"modified":"2026-04-20T12:06:12","modified_gmt":"2026-04-20T09:06:12","slug":"tapahtumat","status":"publish","type":"page","link":"https:\/\/wp1.novida.fi\/turuntienkioski\/tapahtumat\/","title":{"rendered":"Tapahtumat"},"content":{"rendered":"\n<h2 class=\"wp-block-heading\">Turuntien tapahtumat<\/h2>\n\n\n\n<hr class=\"wp-block-separator has-alpha-channel-opacity\" \/>\n\n\n\n<p><strong>Luuletko ett\u00e4 koulup\u00e4iv\u00e4t ovat pelkk\u00e4\u00e4 opiskelua?<\/strong>\ud83d\ude12<\/p>\n\n\n\n<p><strong>Meill\u00e4 koulup\u00e4iv\u00e4t eiv\u00e4t aina ole ihan tavallisia sill\u00e4 mukana on my\u00f6s erilaisia teemap\u00e4ivi\u00e4 ja tapahtumia<\/strong>!\ud83e\udd29<\/p>\n\n\n\n<p><strong>Tulevat teemap\u00e4iv\u00e4t ovat:<\/strong><\/p>\n\n\n\n<div id=\"wp-block-themeisle-blocks-accordion-cd21d8d8\" class=\"wp-block-themeisle-blocks-accordion exclusive\">\n<details class=\"wp-block-themeisle-blocks-accordion-item\"><summary class=\"wp-block-themeisle-blocks-accordion-item__title\"><div><strong>Yst\u00e4v\u00e4np\u00e4iv\u00e4 &#8211; etkot 13.2.2026 \ud83e\udd70\u2764\ufe0f<\/strong><\/div><\/summary><div class=\"wp-block-themeisle-blocks-accordion-item__content\">\n<p><strong>Turuntien<\/strong> <strong>yst\u00e4v\u00e4np\u00e4iv\u00e4<\/strong>!<\/p>\n\n\n\n<p>Tule mukaan kortien askarteluun, positiivisuusein\u00e4n t\u00e4ytt\u00e4miseen \ud83c\udf80\ud83e\ude77<\/p>\n\n\n\n<p>Ota my\u00f6s kaverisi mukaan ja tulkaa yhdess\u00e4 ikuistamaan t\u00e4m\u00e4 yhteinen hetki kaverikuvaukseen \ud83e\udd29<\/p>\n<\/div><\/details>\n\n\n\n<details class=\"wp-block-themeisle-blocks-accordion-item\"><summary class=\"wp-block-themeisle-blocks-accordion-item__title\"><div><strong>Ari-p\u00e4iv\u00e4 4.3.2026\ud83d\udc68\u200d\ud83c\udfa4\ud83c\udfb8<\/strong><\/div><\/summary><div class=\"wp-block-themeisle-blocks-accordion-item__content\">\n<p><strong>Ari p\u00e4iv\u00e4 on t\u00e4\u00e4ll\u00e4 taas!<\/strong>\ud83e\udd18<\/p>\n\n\n\n<p>Tule ari p\u00e4iv\u00e4\u00e4n ja pukeudu joksikin joka loppuu sanaan ari<\/p>\n\n\n\n<p>Ari p\u00e4iv\u00e4n\u00e4 koululla on my\u00f6s kuvaus ja kilpailu\ud83e\udd29<\/p>\n\n\n\n<p>Paras asu voittakoon!\ud83c\udfc6<\/p>\n<\/div><\/details>\n\n\n\n<details class=\"wp-block-themeisle-blocks-accordion-item\"><summary class=\"wp-block-themeisle-blocks-accordion-item__title\"><div><strong>Pyjamap\u00e4iv\u00e4 14.3.<\/strong>\ud83e\uddf8<\/div><\/summary><div class=\"wp-block-themeisle-blocks-accordion-item__content\">\n<p><strong>Koulup\u00e4iv\u00e4 rennoissa vaatteissa<\/strong>!\ud83d\ude0c<\/p>\n\n\n\n<p>Maailman nukkumisp\u00e4iv\u00e4n\u00e4 saat tulla suoraan pyjamassa kouluun!\ud83e\udd73<\/p>\n<\/div><\/details>\n\n\n\n<details class=\"wp-block-themeisle-blocks-accordion-item\"><summary class=\"wp-block-themeisle-blocks-accordion-item__title\"><div><strong>P\u00e4\u00e4si\u00e4is &#8211; etkot 30.3.-2.4.<\/strong>\ud83d\udc23\ud83e\udd5a<\/div><\/summary><div class=\"wp-block-themeisle-blocks-accordion-item__content\">\n<p><strong>Tiput eksyksiss\u00e4!<\/strong>\ud83d\ude27\ud83d\udc25<\/p>\n\n\n\n<p>Turuntien tivut ovat karanneet!<\/p>\n\n\n\n<p>Tule siis mukaan tipujahtii etsim\u00e4\u00e4n kadonneet tivut\u2728<\/p>\n<\/div><\/details>\n<\/div>\n\n\n\n<hr class=\"wp-block-separator has-alpha-channel-opacity\" \/>\n","protected":false},"excerpt":{"rendered":"<p>Turuntien tapahtumat Luuletko ett\u00e4 koulup\u00e4iv\u00e4t ovat pelkk\u00e4\u00e4 opiskelua?\ud83d\ude12 Meill\u00e4 koulup\u00e4iv\u00e4t eiv\u00e4t aina ole ihan tavallisia sill\u00e4 mukana on my\u00f6s erilaisia teemap\u00e4ivi\u00e4 ja tapahtumia!\ud83e\udd29 Tulevat teemap\u00e4iv\u00e4t ovat:<\/p>\n","protected":false},"author":9,"featured_media":0,"parent":0,"menu_order":0,"comment_status":"closed","ping_status":"closed","template":"","meta":{"inline_featured_image":false,"_themeisle_gutenberg_block_has_review":false,"footnotes":""},"class_list":["post-56","page","type-page","status-publish","hentry"],"yoast_head":"<!-- This site is optimized with the Yoast SEO plugin v27.3 - https:\/\/yoast.com\/product\/yoast-seo-wordpress\/ -->\n<title>Tapahtumat - Turuntien Kioski<\/title>\n<meta name=\"robots\" content=\"index, follow, max-snippet:-1, max-image-preview:large, max-video-preview:-1\" \/>\n<link rel=\"canonical\" href=\"https:\/\/wp1.novida.fi\/turuntienkioski\/tapahtumat\/\" \/>\n<meta property=\"og:locale\" content=\"fi_FI\" \/>\n<meta property=\"og:type\" content=\"article\" \/>\n<meta property=\"og:title\" content=\"Tapahtumat - Turuntien Kioski\" \/>\n<meta property=\"og:description\" content=\"Turuntien tapahtumat Luuletko ett\u00e4 koulup\u00e4iv\u00e4t ovat pelkk\u00e4\u00e4 opiskelua?\ud83d\ude12 Meill\u00e4 koulup\u00e4iv\u00e4t eiv\u00e4t aina ole ihan tavallisia sill\u00e4 mukana on my\u00f6s erilaisia teemap\u00e4ivi\u00e4 ja tapahtumia!\ud83e\udd29 Tulevat teemap\u00e4iv\u00e4t ovat:\" \/>\n<meta property=\"og:url\" content=\"https:\/\/wp1.novida.fi\/turuntienkioski\/tapahtumat\/\" \/>\n<meta property=\"og:site_name\" content=\"Turuntien Kioski\" \/>\n<meta property=\"article:modified_time\" content=\"2026-04-20T09:06:12+00:00\" \/>\n<meta name=\"twitter:card\" content=\"summary_large_image\" \/>\n<meta name=\"twitter:label1\" content=\"Arvioitu lukuaika\" \/>\n\t<meta name=\"twitter:data1\" content=\"1 minuutti\" \/>\n<script type=\"application\/ld+json\" class=\"yoast-schema-graph\">{\"@context\":\"https:\\\/\\\/schema.org\",\"@graph\":[{\"@type\":\"WebPage\",\"@id\":\"https:\\\/\\\/wp1.novida.fi\\\/turuntienkioski\\\/tapahtumat\\\/\",\"url\":\"https:\\\/\\\/wp1.novida.fi\\\/turuntienkioski\\\/tapahtumat\\\/\",\"name\":\"Tapahtumat - Turuntien Kioski\",\"isPartOf\":{\"@id\":\"https:\\\/\\\/wp1.novida.fi\\\/turuntienkioski\\\/#website\"},\"datePublished\":\"2021-10-11T09:58:58+00:00\",\"dateModified\":\"2026-04-20T09:06:12+00:00\",\"breadcrumb\":{\"@id\":\"https:\\\/\\\/wp1.novida.fi\\\/turuntienkioski\\\/tapahtumat\\\/#breadcrumb\"},\"inLanguage\":\"fi\",\"potentialAction\":[{\"@type\":\"ReadAction\",\"target\":[\"https:\\\/\\\/wp1.novida.fi\\\/turuntienkioski\\\/tapahtumat\\\/\"]}]},{\"@type\":\"BreadcrumbList\",\"@id\":\"https:\\\/\\\/wp1.novida.fi\\\/turuntienkioski\\\/tapahtumat\\\/#breadcrumb\",\"itemListElement\":[{\"@type\":\"ListItem\",\"position\":1,\"name\":\"Home\",\"item\":\"https:\\\/\\\/wp1.novida.fi\\\/turuntienkioski\\\/\"},{\"@type\":\"ListItem\",\"position\":2,\"name\":\"Tapahtumat\"}]},{\"@type\":\"WebSite\",\"@id\":\"https:\\\/\\\/wp1.novida.fi\\\/turuntienkioski\\\/#website\",\"url\":\"https:\\\/\\\/wp1.novida.fi\\\/turuntienkioski\\\/\",\"name\":\"Turuntien Kioski\",\"description\":\"Opiskelija kahvila Novida Loimaa\",\"publisher\":{\"@id\":\"https:\\\/\\\/wp1.novida.fi\\\/turuntienkioski\\\/#organization\"},\"potentialAction\":[{\"@type\":\"SearchAction\",\"target\":{\"@type\":\"EntryPoint\",\"urlTemplate\":\"https:\\\/\\\/wp1.novida.fi\\\/turuntienkioski\\\/?s={search_term_string}\"},\"query-input\":{\"@type\":\"PropertyValueSpecification\",\"valueRequired\":true,\"valueName\":\"search_term_string\"}}],\"inLanguage\":\"fi\"},{\"@type\":\"Organization\",\"@id\":\"https:\\\/\\\/wp1.novida.fi\\\/turuntienkioski\\\/#organization\",\"name\":\"Turuntien Kioski\",\"url\":\"https:\\\/\\\/wp1.novida.fi\\\/turuntienkioski\\\/\",\"logo\":{\"@type\":\"ImageObject\",\"inLanguage\":\"fi\",\"@id\":\"https:\\\/\\\/wp1.novida.fi\\\/turuntienkioski\\\/#\\\/schema\\\/logo\\\/image\\\/\",\"url\":\"https:\\\/\\\/wp1.novida.fi\\\/turuntienkioski\\\/wp-content\\\/uploads\\\/sites\\\/27\\\/2026\\\/01\\\/cropped-cropped-Turuntien-kioskin-logo-ilman-taustaa-2.png\",\"contentUrl\":\"https:\\\/\\\/wp1.novida.fi\\\/turuntienkioski\\\/wp-content\\\/uploads\\\/sites\\\/27\\\/2026\\\/01\\\/cropped-cropped-Turuntien-kioskin-logo-ilman-taustaa-2.png\",\"width\":370,\"height\":368,\"caption\":\"Turuntien Kioski\"},\"image\":{\"@id\":\"https:\\\/\\\/wp1.novida.fi\\\/turuntienkioski\\\/#\\\/schema\\\/logo\\\/image\\\/\"}}]}<\/script>\n<!-- \/ Yoast SEO plugin. -->","yoast_head_json":{"title":"Tapahtumat - Turuntien Kioski","robots":{"index":"index","follow":"follow","max-snippet":"max-snippet:-1","max-image-preview":"max-image-preview:large","max-video-preview":"max-video-preview:-1"},"canonical":"https:\/\/wp1.novida.fi\/turuntienkioski\/tapahtumat\/","og_locale":"fi_FI","og_type":"article","og_title":"Tapahtumat - Turuntien Kioski","og_description":"Turuntien tapahtumat Luuletko ett\u00e4 koulup\u00e4iv\u00e4t ovat pelkk\u00e4\u00e4 opiskelua?\ud83d\ude12 Meill\u00e4 koulup\u00e4iv\u00e4t eiv\u00e4t aina ole ihan tavallisia sill\u00e4 mukana on my\u00f6s erilaisia teemap\u00e4ivi\u00e4 ja tapahtumia!\ud83e\udd29 Tulevat teemap\u00e4iv\u00e4t ovat:","og_url":"https:\/\/wp1.novida.fi\/turuntienkioski\/tapahtumat\/","og_site_name":"Turuntien Kioski","article_modified_time":"2026-04-20T09:06:12+00:00","twitter_card":"summary_large_image","twitter_misc":{"Arvioitu lukuaika":"1 minuutti"},"schema":{"@context":"https:\/\/schema.org","@graph":[{"@type":"WebPage","@id":"https:\/\/wp1.novida.fi\/turuntienkioski\/tapahtumat\/","url":"https:\/\/wp1.novida.fi\/turuntienkioski\/tapahtumat\/","name":"Tapahtumat - Turuntien Kioski","isPartOf":{"@id":"https:\/\/wp1.novida.fi\/turuntienkioski\/#website"},"datePublished":"2021-10-11T09:58:58+00:00","dateModified":"2026-04-20T09:06:12+00:00","breadcrumb":{"@id":"https:\/\/wp1.novida.fi\/turuntienkioski\/tapahtumat\/#breadcrumb"},"inLanguage":"fi","potentialAction":[{"@type":"ReadAction","target":["https:\/\/wp1.novida.fi\/turuntienkioski\/tapahtumat\/"]}]},{"@type":"BreadcrumbList","@id":"https:\/\/wp1.novida.fi\/turuntienkioski\/tapahtumat\/#breadcrumb","itemListElement":[{"@type":"ListItem","position":1,"name":"Home","item":"https:\/\/wp1.novida.fi\/turuntienkioski\/"},{"@type":"ListItem","position":2,"name":"Tapahtumat"}]},{"@type":"WebSite","@id":"https:\/\/wp1.novida.fi\/turuntienkioski\/#website","url":"https:\/\/wp1.novida.fi\/turuntienkioski\/","name":"Turuntien Kioski","description":"Opiskelija kahvila Novida Loimaa","publisher":{"@id":"https:\/\/wp1.novida.fi\/turuntienkioski\/#organization"},"potentialAction":[{"@type":"SearchAction","target":{"@type":"EntryPoint","urlTemplate":"https:\/\/wp1.novida.fi\/turuntienkioski\/?s={search_term_string}"},"query-input":{"@type":"PropertyValueSpecification","valueRequired":true,"valueName":"search_term_string"}}],"inLanguage":"fi"},{"@type":"Organization","@id":"https:\/\/wp1.novida.fi\/turuntienkioski\/#organization","name":"Turuntien Kioski","url":"https:\/\/wp1.novida.fi\/turuntienkioski\/","logo":{"@type":"ImageObject","inLanguage":"fi","@id":"https:\/\/wp1.novida.fi\/turuntienkioski\/#\/schema\/logo\/image\/","url":"https:\/\/wp1.novida.fi\/turuntienkioski\/wp-content\/uploads\/sites\/27\/2026\/01\/cropped-cropped-Turuntien-kioskin-logo-ilman-taustaa-2.png","contentUrl":"https:\/\/wp1.novida.fi\/turuntienkioski\/wp-content\/uploads\/sites\/27\/2026\/01\/cropped-cropped-Turuntien-kioskin-logo-ilman-taustaa-2.png","width":370,"height":368,"caption":"Turuntien Kioski"},"image":{"@id":"https:\/\/wp1.novida.fi\/turuntienkioski\/#\/schema\/logo\/image\/"}}]}},"_links":{"self":[{"href":"https:\/\/wp1.novida.fi\/turuntienkioski\/wp-json\/wp\/v2\/pages\/56","targetHints":{"allow":["GET"]}}],"collection":[{"href":"https:\/\/wp1.novida.fi\/turuntienkioski\/wp-json\/wp\/v2\/pages"}],"about":[{"href":"https:\/\/wp1.novida.fi\/turuntienkioski\/wp-json\/wp\/v2\/types\/page"}],"author":[{"embeddable":true,"href":"https:\/\/wp1.novida.fi\/turuntienkioski\/wp-json\/wp\/v2\/users\/9"}],"replies":[{"embeddable":true,"href":"https:\/\/wp1.novida.fi\/turuntienkioski\/wp-json\/wp\/v2\/comments?post=56"}],"version-history":[{"count":15,"href":"https:\/\/wp1.novida.fi\/turuntienkioski\/wp-json\/wp\/v2\/pages\/56\/revisions"}],"predecessor-version":[{"id":502,"href":"https:\/\/wp1.novida.fi\/turuntienkioski\/wp-json\/wp\/v2\/pages\/56\/revisions\/502"}],"wp:attachment":[{"href":"https:\/\/wp1.novida.fi\/turuntienkioski\/wp-json\/wp\/v2\/media?parent=56"}],"curies":[{"name":"wp","href":"https:\/\/api.w.org\/{rel}","templated":true}]}}