{"id":58,"date":"2021-10-11T10:59:22","date_gmt":"2021-10-11T09:59:22","guid":{"rendered":"https:\/\/wp1.novida.fi\/turuntienkioski\/?page_id=58"},"modified":"2026-04-23T08:59:25","modified_gmt":"2026-04-23T05:59:25","slug":"hinnasto","status":"publish","type":"page","link":"https:\/\/wp1.novida.fi\/turuntienkioski\/hinnasto\/","title":{"rendered":"Hinnasto"},"content":{"rendered":"\n<h2 class=\"wp-block-heading\">Kioskin hinnasto<\/h2>\n\n\n\n<hr class=\"wp-block-separator has-alpha-channel-opacity\" \/>\n\n\n\n<p><strong>S\u00e4\u00e4st\u00e4 aikaa ja rahaa!<\/strong><\/p>\n\n\n\n<p>Kioskista saat v\u00e4lipalan ja juoman edullisesti\ud83d\ude0e<\/p>\n\n\n\n<figure class=\"wp-block-table is-style-stripes\"><table class=\"has-fixed-layout\"><tbody><tr><td class=\"has-text-align-center\" data-align=\"center\"><strong>V\u00c4LIPALAT<\/strong><\/td><td class=\"has-text-align-center\" data-align=\"center\"><strong>HINNAT<\/strong><\/td><\/tr><tr><td class=\"has-text-align-center\" data-align=\"center\">Elovena v\u00e4lipalakeksi<\/td><td class=\"has-text-align-center\" data-align=\"center\">0,40\u20ac<\/td><\/tr><tr><td class=\"has-text-align-center\" data-align=\"center\">Mysli Bar Coop<\/td><td class=\"has-text-align-center\" data-align=\"center\">0,40\u20ac<\/td><\/tr><tr><td class=\"has-text-align-center\" data-align=\"center\">Rusina<\/td><td class=\"has-text-align-center\" data-align=\"center\">0,70\u20ac<\/td><\/tr><\/tbody><\/table><\/figure>\n\n\n\n<figure class=\"wp-block-table is-style-stripes\"><table class=\"has-fixed-layout\"><tbody><tr><td class=\"has-text-align-center\" data-align=\"center\"><strong>PATUKAT<\/strong><\/td><td class=\"has-text-align-center\" data-align=\"center\"><\/td><\/tr><tr><td class=\"has-text-align-center\" data-align=\"center\">Geisha<\/td><td class=\"has-text-align-center\" data-align=\"center\">1,25\u20ac<\/td><\/tr><tr><td class=\"has-text-align-center\" data-align=\"center\">Kismet<\/td><td class=\"has-text-align-center\" data-align=\"center\">1,25\u20ac<\/td><\/tr><tr><td class=\"has-text-align-center\" data-align=\"center\">Tupla<\/td><td class=\"has-text-align-center\" data-align=\"center\">0,90\u20ac<\/td><\/tr><\/tbody><\/table><\/figure>\n\n\n\n<figure class=\"wp-block-table is-style-stripes\"><table class=\"has-fixed-layout\"><tbody><tr><td class=\"has-text-align-center\" data-align=\"center\"><strong>PASTILLIT<\/strong><\/td><td class=\"has-text-align-center\" data-align=\"center\"><\/td><\/tr><tr><td class=\"has-text-align-center\" data-align=\"center\">Mynthon<\/td><td class=\"has-text-align-center\" data-align=\"center\">1,20\u20ac<\/td><\/tr><\/tbody><\/table><\/figure>\n\n\n\n<div class=\"wp-block-columns is-layout-flex wp-container-core-columns-is-layout-9d6595d7 wp-block-columns-is-layout-flex\">\n<div class=\"wp-block-column is-layout-flow wp-block-column-is-layout-flow\" style=\"flex-basis:100%\">\n<figure class=\"wp-block-table is-style-stripes\"><table class=\"has-fixed-layout\"><tbody><tr><td class=\"has-text-align-center\" data-align=\"center\"><strong>SALMIAKIT<\/strong><\/td><td class=\"has-text-align-center\" data-align=\"center\"><\/td><\/tr><tr><td class=\"has-text-align-center\" data-align=\"center\">Salmiakki original<\/td><td class=\"has-text-align-center\" data-align=\"center\">1,45\u20ac<\/td><\/tr><tr><td class=\"has-text-align-center\" data-align=\"center\">Super salmiakki<\/td><td class=\"has-text-align-center\" data-align=\"center\">1,45\u20ac<\/td><\/tr><\/tbody><\/table><\/figure>\n<\/div>\n<\/div>\n\n\n\n<figure class=\"wp-block-table is-style-stripes\"><table class=\"has-fixed-layout\"><tbody><tr><td class=\"has-text-align-center\" data-align=\"center\"><strong>JUOMAT<\/strong><\/td><td class=\"has-text-align-center\" data-align=\"center\"><\/td><\/tr><tr><td class=\"has-text-align-center\" data-align=\"center\">Kaakao<\/td><td class=\"has-text-align-center\" data-align=\"center\">0,60\u20ac<\/td><\/tr><tr><td class=\"has-text-align-center\" data-align=\"center\">Kahvi, normaali<\/td><td class=\"has-text-align-center\" data-align=\"center\">1,50\u20ac<\/td><\/tr><tr><td class=\"has-text-align-center\" data-align=\"center\">Kahvi, iso<\/td><td class=\"has-text-align-center\" data-align=\"center\">2,00\u20ac<\/td><\/tr><tr><td class=\"has-text-align-center\" data-align=\"center\">Tee<\/td><td class=\"has-text-align-center\" data-align=\"center\">0,50\u20ac<\/td><\/tr><tr><td class=\"has-text-align-center\" data-align=\"center\">Trip<\/td><td class=\"has-text-align-center\" data-align=\"center\">0,60\u20ac<\/td><\/tr><\/tbody><\/table><\/figure>\n\n\n\n<figure class=\"wp-block-table is-style-stripes\"><table class=\"has-fixed-layout\"><tbody><tr><td class=\"has-text-align-center\" data-align=\"center\"><strong>MUUT<\/strong><\/td><td class=\"has-text-align-center\" data-align=\"center\"><\/td><\/tr><tr><td class=\"has-text-align-center\" data-align=\"center\">Suukot<\/td><td class=\"has-text-align-center\" data-align=\"center\">0,50\u20ac<\/td><\/tr><tr><td class=\"has-text-align-center\" data-align=\"center\">Fazer konvehdit<\/td><td class=\"has-text-align-center\" data-align=\"center\">0,30\u20ac<\/td><\/tr><tr><td class=\"has-text-align-center\" data-align=\"center\">Joulupukkikarkki<\/td><td class=\"has-text-align-center\" data-align=\"center\">0,40\u20ac<\/td><\/tr><\/tbody><\/table><\/figure>\n\n\n\n<hr class=\"wp-block-separator has-alpha-channel-opacity\" \/>\n\n\n\n<p><\/p>\n","protected":false},"excerpt":{"rendered":"<p>Kioskin hinnasto S\u00e4\u00e4st\u00e4 aikaa ja rahaa! Kioskista saat v\u00e4lipalan ja juoman edullisesti\ud83d\ude0e V\u00c4LIPALAT HINNAT Elovena v\u00e4lipalakeksi 0,40\u20ac Mysli Bar Coop 0,40\u20ac Rusina 0,70\u20ac PATUKAT Geisha 1,25\u20ac Kismet 1,25\u20ac Tupla 0,90\u20ac PASTILLIT Mynthon 1,20\u20ac SALMIAKIT Salmiakki original 1,45\u20ac Super salmiakki 1,45\u20ac JUOMAT Kaakao 0,60\u20ac Kahvi, normaali 1,50\u20ac Kahvi, iso 2,00\u20ac Tee 0,50\u20ac Trip 0,60\u20ac MUUT Suukot [&hellip;]<\/p>\n","protected":false},"author":9,"featured_media":0,"parent":0,"menu_order":0,"comment_status":"closed","ping_status":"closed","template":"","meta":{"inline_featured_image":false,"_themeisle_gutenberg_block_has_review":false,"footnotes":""},"class_list":["post-58","page","type-page","status-publish","hentry"],"yoast_head":"<!-- This site is optimized with the Yoast SEO plugin v27.3 - https:\/\/yoast.com\/product\/yoast-seo-wordpress\/ -->\n<title>Hinnasto - Turuntien Kioski<\/title>\n<meta name=\"robots\" content=\"index, follow, max-snippet:-1, max-image-preview:large, max-video-preview:-1\" \/>\n<link rel=\"canonical\" href=\"https:\/\/wp1.novida.fi\/turuntienkioski\/hinnasto\/\" \/>\n<meta property=\"og:locale\" content=\"fi_FI\" \/>\n<meta property=\"og:type\" content=\"article\" \/>\n<meta property=\"og:title\" content=\"Hinnasto - Turuntien Kioski\" \/>\n<meta property=\"og:description\" content=\"Kioskin hinnasto S\u00e4\u00e4st\u00e4 aikaa ja rahaa! Kioskista saat v\u00e4lipalan ja juoman edullisesti\ud83d\ude0e V\u00c4LIPALAT HINNAT Elovena v\u00e4lipalakeksi 0,40\u20ac Mysli Bar Coop 0,40\u20ac Rusina 0,70\u20ac PATUKAT Geisha 1,25\u20ac Kismet 1,25\u20ac Tupla 0,90\u20ac PASTILLIT Mynthon 1,20\u20ac SALMIAKIT Salmiakki original 1,45\u20ac Super salmiakki 1,45\u20ac JUOMAT Kaakao 0,60\u20ac Kahvi, normaali 1,50\u20ac Kahvi, iso 2,00\u20ac Tee 0,50\u20ac Trip 0,60\u20ac MUUT Suukot [&hellip;]\" \/>\n<meta property=\"og:url\" content=\"https:\/\/wp1.novida.fi\/turuntienkioski\/hinnasto\/\" \/>\n<meta property=\"og:site_name\" content=\"Turuntien Kioski\" \/>\n<meta property=\"article:modified_time\" content=\"2026-04-23T05:59:25+00:00\" \/>\n<meta name=\"twitter:card\" content=\"summary_large_image\" \/>\n<meta name=\"twitter:label1\" content=\"Arvioitu lukuaika\" \/>\n\t<meta name=\"twitter:data1\" content=\"1 minuutti\" \/>\n<script type=\"application\/ld+json\" class=\"yoast-schema-graph\">{\"@context\":\"https:\\\/\\\/schema.org\",\"@graph\":[{\"@type\":\"WebPage\",\"@id\":\"https:\\\/\\\/wp1.novida.fi\\\/turuntienkioski\\\/hinnasto\\\/\",\"url\":\"https:\\\/\\\/wp1.novida.fi\\\/turuntienkioski\\\/hinnasto\\\/\",\"name\":\"Hinnasto - Turuntien Kioski\",\"isPartOf\":{\"@id\":\"https:\\\/\\\/wp1.novida.fi\\\/turuntienkioski\\\/#website\"},\"datePublished\":\"2021-10-11T09:59:22+00:00\",\"dateModified\":\"2026-04-23T05:59:25+00:00\",\"breadcrumb\":{\"@id\":\"https:\\\/\\\/wp1.novida.fi\\\/turuntienkioski\\\/hinnasto\\\/#breadcrumb\"},\"inLanguage\":\"fi\",\"potentialAction\":[{\"@type\":\"ReadAction\",\"target\":[\"https:\\\/\\\/wp1.novida.fi\\\/turuntienkioski\\\/hinnasto\\\/\"]}]},{\"@type\":\"BreadcrumbList\",\"@id\":\"https:\\\/\\\/wp1.novida.fi\\\/turuntienkioski\\\/hinnasto\\\/#breadcrumb\",\"itemListElement\":[{\"@type\":\"ListItem\",\"position\":1,\"name\":\"Home\",\"item\":\"https:\\\/\\\/wp1.novida.fi\\\/turuntienkioski\\\/\"},{\"@type\":\"ListItem\",\"position\":2,\"name\":\"Hinnasto\"}]},{\"@type\":\"WebSite\",\"@id\":\"https:\\\/\\\/wp1.novida.fi\\\/turuntienkioski\\\/#website\",\"url\":\"https:\\\/\\\/wp1.novida.fi\\\/turuntienkioski\\\/\",\"name\":\"Turuntien Kioski\",\"description\":\"Opiskelija kahvila Novida Loimaa\",\"publisher\":{\"@id\":\"https:\\\/\\\/wp1.novida.fi\\\/turuntienkioski\\\/#organization\"},\"potentialAction\":[{\"@type\":\"SearchAction\",\"target\":{\"@type\":\"EntryPoint\",\"urlTemplate\":\"https:\\\/\\\/wp1.novida.fi\\\/turuntienkioski\\\/?s={search_term_string}\"},\"query-input\":{\"@type\":\"PropertyValueSpecification\",\"valueRequired\":true,\"valueName\":\"search_term_string\"}}],\"inLanguage\":\"fi\"},{\"@type\":\"Organization\",\"@id\":\"https:\\\/\\\/wp1.novida.fi\\\/turuntienkioski\\\/#organization\",\"name\":\"Turuntien Kioski\",\"url\":\"https:\\\/\\\/wp1.novida.fi\\\/turuntienkioski\\\/\",\"logo\":{\"@type\":\"ImageObject\",\"inLanguage\":\"fi\",\"@id\":\"https:\\\/\\\/wp1.novida.fi\\\/turuntienkioski\\\/#\\\/schema\\\/logo\\\/image\\\/\",\"url\":\"https:\\\/\\\/wp1.novida.fi\\\/turuntienkioski\\\/wp-content\\\/uploads\\\/sites\\\/27\\\/2026\\\/01\\\/cropped-cropped-Turuntien-kioskin-logo-ilman-taustaa-2.png\",\"contentUrl\":\"https:\\\/\\\/wp1.novida.fi\\\/turuntienkioski\\\/wp-content\\\/uploads\\\/sites\\\/27\\\/2026\\\/01\\\/cropped-cropped-Turuntien-kioskin-logo-ilman-taustaa-2.png\",\"width\":370,\"height\":368,\"caption\":\"Turuntien Kioski\"},\"image\":{\"@id\":\"https:\\\/\\\/wp1.novida.fi\\\/turuntienkioski\\\/#\\\/schema\\\/logo\\\/image\\\/\"}}]}<\/script>\n<!-- \/ Yoast SEO plugin. -->","yoast_head_json":{"title":"Hinnasto - Turuntien Kioski","robots":{"index":"index","follow":"follow","max-snippet":"max-snippet:-1","max-image-preview":"max-image-preview:large","max-video-preview":"max-video-preview:-1"},"canonical":"https:\/\/wp1.novida.fi\/turuntienkioski\/hinnasto\/","og_locale":"fi_FI","og_type":"article","og_title":"Hinnasto - Turuntien Kioski","og_description":"Kioskin hinnasto S\u00e4\u00e4st\u00e4 aikaa ja rahaa! Kioskista saat v\u00e4lipalan ja juoman edullisesti\ud83d\ude0e V\u00c4LIPALAT HINNAT Elovena v\u00e4lipalakeksi 0,40\u20ac Mysli Bar Coop 0,40\u20ac Rusina 0,70\u20ac PATUKAT Geisha 1,25\u20ac Kismet 1,25\u20ac Tupla 0,90\u20ac PASTILLIT Mynthon 1,20\u20ac SALMIAKIT Salmiakki original 1,45\u20ac Super salmiakki 1,45\u20ac JUOMAT Kaakao 0,60\u20ac Kahvi, normaali 1,50\u20ac Kahvi, iso 2,00\u20ac Tee 0,50\u20ac Trip 0,60\u20ac MUUT Suukot [&hellip;]","og_url":"https:\/\/wp1.novida.fi\/turuntienkioski\/hinnasto\/","og_site_name":"Turuntien Kioski","article_modified_time":"2026-04-23T05:59:25+00:00","twitter_card":"summary_large_image","twitter_misc":{"Arvioitu lukuaika":"1 minuutti"},"schema":{"@context":"https:\/\/schema.org","@graph":[{"@type":"WebPage","@id":"https:\/\/wp1.novida.fi\/turuntienkioski\/hinnasto\/","url":"https:\/\/wp1.novida.fi\/turuntienkioski\/hinnasto\/","name":"Hinnasto - Turuntien Kioski","isPartOf":{"@id":"https:\/\/wp1.novida.fi\/turuntienkioski\/#website"},"datePublished":"2021-10-11T09:59:22+00:00","dateModified":"2026-04-23T05:59:25+00:00","breadcrumb":{"@id":"https:\/\/wp1.novida.fi\/turuntienkioski\/hinnasto\/#breadcrumb"},"inLanguage":"fi","potentialAction":[{"@type":"ReadAction","target":["https:\/\/wp1.novida.fi\/turuntienkioski\/hinnasto\/"]}]},{"@type":"BreadcrumbList","@id":"https:\/\/wp1.novida.fi\/turuntienkioski\/hinnasto\/#breadcrumb","itemListElement":[{"@type":"ListItem","position":1,"name":"Home","item":"https:\/\/wp1.novida.fi\/turuntienkioski\/"},{"@type":"ListItem","position":2,"name":"Hinnasto"}]},{"@type":"WebSite","@id":"https:\/\/wp1.novida.fi\/turuntienkioski\/#website","url":"https:\/\/wp1.novida.fi\/turuntienkioski\/","name":"Turuntien Kioski","description":"Opiskelija kahvila Novida Loimaa","publisher":{"@id":"https:\/\/wp1.novida.fi\/turuntienkioski\/#organization"},"potentialAction":[{"@type":"SearchAction","target":{"@type":"EntryPoint","urlTemplate":"https:\/\/wp1.novida.fi\/turuntienkioski\/?s={search_term_string}"},"query-input":{"@type":"PropertyValueSpecification","valueRequired":true,"valueName":"search_term_string"}}],"inLanguage":"fi"},{"@type":"Organization","@id":"https:\/\/wp1.novida.fi\/turuntienkioski\/#organization","name":"Turuntien Kioski","url":"https:\/\/wp1.novida.fi\/turuntienkioski\/","logo":{"@type":"ImageObject","inLanguage":"fi","@id":"https:\/\/wp1.novida.fi\/turuntienkioski\/#\/schema\/logo\/image\/","url":"https:\/\/wp1.novida.fi\/turuntienkioski\/wp-content\/uploads\/sites\/27\/2026\/01\/cropped-cropped-Turuntien-kioskin-logo-ilman-taustaa-2.png","contentUrl":"https:\/\/wp1.novida.fi\/turuntienkioski\/wp-content\/uploads\/sites\/27\/2026\/01\/cropped-cropped-Turuntien-kioskin-logo-ilman-taustaa-2.png","width":370,"height":368,"caption":"Turuntien Kioski"},"image":{"@id":"https:\/\/wp1.novida.fi\/turuntienkioski\/#\/schema\/logo\/image\/"}}]}},"_links":{"self":[{"href":"https:\/\/wp1.novida.fi\/turuntienkioski\/wp-json\/wp\/v2\/pages\/58","targetHints":{"allow":["GET"]}}],"collection":[{"href":"https:\/\/wp1.novida.fi\/turuntienkioski\/wp-json\/wp\/v2\/pages"}],"about":[{"href":"https:\/\/wp1.novida.fi\/turuntienkioski\/wp-json\/wp\/v2\/types\/page"}],"author":[{"embeddable":true,"href":"https:\/\/wp1.novida.fi\/turuntienkioski\/wp-json\/wp\/v2\/users\/9"}],"replies":[{"embeddable":true,"href":"https:\/\/wp1.novida.fi\/turuntienkioski\/wp-json\/wp\/v2\/comments?post=58"}],"version-history":[{"count":12,"href":"https:\/\/wp1.novida.fi\/turuntienkioski\/wp-json\/wp\/v2\/pages\/58\/revisions"}],"predecessor-version":[{"id":508,"href":"https:\/\/wp1.novida.fi\/turuntienkioski\/wp-json\/wp\/v2\/pages\/58\/revisions\/508"}],"wp:attachment":[{"href":"https:\/\/wp1.novida.fi\/turuntienkioski\/wp-json\/wp\/v2\/media?parent=58"}],"curies":[{"name":"wp","href":"https:\/\/api.w.org\/{rel}","templated":true}]}}